{"id":8,"date":"2020-05-22T21:54:21","date_gmt":"2020-05-22T19:54:21","guid":{"rendered":"https:\/\/piekarska.home.pl\/autoinstalator\/wordpressplugins2\/?page_id=8"},"modified":"2020-09-07T10:37:08","modified_gmt":"2020-09-07T08:37:08","slug":"tworcy","status":"publish","type":"page","link":"http:\/\/19.zmuszynski.eu\/?page_id=8","title":{"rendered":"Projekt"},"content":{"rendered":"\n<div class=\"wp-block-image\"><figure class=\"alignright size-large is-resized\"><img data-recalc-dims=\"1\" loading=\"lazy\" decoding=\"async\" data-attachment-id=\"24\" data-permalink=\"http:\/\/19.zmuszynski.eu\/?attachment_id=24\" data-orig-file=\"https:\/\/i0.wp.com\/19.zmuszynski.eu\/wp-content\/uploads\/2020\/05\/okladka.jpg?fit=1742%2C2449\" data-orig-size=\"1742,2449\" data-comments-opened=\"0\" data-image-meta=\"{&quot;aperture&quot;:&quot;0&quot;,&quot;credit&quot;:&quot;&quot;,&quot;camera&quot;:&quot;&quot;,&quot;caption&quot;:&quot;&quot;,&quot;created_timestamp&quot;:&quot;0&quot;,&quot;copyright&quot;:&quot;&quot;,&quot;focal_length&quot;:&quot;0&quot;,&quot;iso&quot;:&quot;0&quot;,&quot;shutter_speed&quot;:&quot;0&quot;,&quot;title&quot;:&quot;&quot;,&quot;orientation&quot;:&quot;0&quot;}\" data-image-title=\"okladka\" data-image-description=\"\" data-image-caption=\"\" data-medium-file=\"https:\/\/i0.wp.com\/19.zmuszynski.eu\/wp-content\/uploads\/2020\/05\/okladka.jpg?fit=213%2C300\" data-large-file=\"https:\/\/i0.wp.com\/19.zmuszynski.eu\/wp-content\/uploads\/2020\/05\/okladka.jpg?fit=555%2C781\" src=\"https:\/\/i0.wp.com\/19.zmuszynski.eu\/wp-content\/uploads\/2020\/05\/okladka-728x1024.jpg?resize=201%2C283&#038;ssl=1\" alt=\"\" class=\"wp-image-24\" width=\"201\" height=\"283\" srcset=\"https:\/\/i0.wp.com\/19.zmuszynski.eu\/wp-content\/uploads\/2020\/05\/okladka.jpg?resize=728%2C1024 728w, https:\/\/i0.wp.com\/19.zmuszynski.eu\/wp-content\/uploads\/2020\/05\/okladka.jpg?resize=213%2C300 213w, https:\/\/i0.wp.com\/19.zmuszynski.eu\/wp-content\/uploads\/2020\/05\/okladka.jpg?resize=768%2C1080 768w, https:\/\/i0.wp.com\/19.zmuszynski.eu\/wp-content\/uploads\/2020\/05\/okladka.jpg?resize=1093%2C1536 1093w, https:\/\/i0.wp.com\/19.zmuszynski.eu\/wp-content\/uploads\/2020\/05\/okladka.jpg?resize=1457%2C2048 1457w, https:\/\/i0.wp.com\/19.zmuszynski.eu\/wp-content\/uploads\/2020\/05\/okladka.jpg?w=1742 1742w, https:\/\/i0.wp.com\/19.zmuszynski.eu\/wp-content\/uploads\/2020\/05\/okladka.jpg?w=1665 1665w\" sizes=\"auto, (max-width: 201px) 100vw, 201px\" \/><\/figure><\/div>\n\n\n\n<p class=\"has-drop-cap\">W 2005 roku nak\u0142adem wydawnictwa Finna ukaza\u0142a si\u0119 dokumentalna ksi\u0105\u017cka Ma\u0142gorzaty Karoliny Piekarskiej pt. &#8222;Dziewi\u0119tnastoletni marynarz&#8221; zawieraj\u0105ca przesz\u0142o 70 list\u00f3w do rodzic\u00f3w pisanych przez Zbigniewa Piekarskiego (1905-1924) ucznia Szko\u0142y Morskiej w Tczewie, a prywatnie stryjecznego dziadka autorki. Nak\u0142ad publikacji jest dawno wyczerpany. Nigdy nie by\u0142o sprzeda\u017cy w postaci e-booka. Tymczasem do autorki co jaki\u015b czas zg\u0142aszaj\u0105 si\u0119 czytelnicy zainteresowani tre\u015bci\u0105 publikacji. St\u0105d pomys\u0142 na przeniesienie list\u00f3w do sieci w postaci projektu filmowego.<\/p>\n\n\n\n<p>W 2020 roku Ministerstwo Kultury i Dziedzictwa Narodowego przyzna\u0142o aktorowi Zacharjaszowi Muszy\u0144skiemu trzymiesi\u0119czne stypendium artystyczne w kategorii &#8222;film&#8221; w ramach projektu &#8222;Kultura w sieci&#8221;. Projekt realizowany jest w ramach tego stypendium. Scenariusz i re\u017cyseria to praca Zacharjasza Muszy\u0144skiego i Ma\u0142gorzaty Karoliny Piekarskiej. <\/p>\n\n\n\n<div class=\"wp-block-image\"><figure class=\"alignleft size-large is-resized\"><img data-recalc-dims=\"1\" loading=\"lazy\" decoding=\"async\" data-attachment-id=\"948\" data-permalink=\"http:\/\/19.zmuszynski.eu\/?attachment_id=948\" data-orig-file=\"https:\/\/i0.wp.com\/19.zmuszynski.eu\/wp-content\/uploads\/2020\/09\/IMG_5599-scaled.jpg?fit=2560%2C1920\" data-orig-size=\"2560,1920\" data-comments-opened=\"0\" data-image-meta=\"{&quot;aperture&quot;:&quot;2&quot;,&quot;credit&quot;:&quot;&quot;,&quot;camera&quot;:&quot;iPhone 11 Pro&quot;,&quot;caption&quot;:&quot;&quot;,&quot;created_timestamp&quot;:&quot;1594732496&quot;,&quot;copyright&quot;:&quot;&quot;,&quot;focal_length&quot;:&quot;6&quot;,&quot;iso&quot;:&quot;20&quot;,&quot;shutter_speed&quot;:&quot;0.0043859649122807&quot;,&quot;title&quot;:&quot;&quot;,&quot;orientation&quot;:&quot;1&quot;}\" data-image-title=\"IMG_5599\" data-image-description=\"\" data-image-caption=\"\" data-medium-file=\"https:\/\/i0.wp.com\/19.zmuszynski.eu\/wp-content\/uploads\/2020\/09\/IMG_5599-scaled.jpg?fit=300%2C225\" data-large-file=\"https:\/\/i0.wp.com\/19.zmuszynski.eu\/wp-content\/uploads\/2020\/09\/IMG_5599-scaled.jpg?fit=555%2C416\" src=\"https:\/\/i0.wp.com\/19.zmuszynski.eu\/wp-content\/uploads\/2020\/09\/IMG_5599-1024x768.jpg?resize=209%2C156&#038;ssl=1\" alt=\"\" class=\"wp-image-948\" width=\"209\" height=\"156\" srcset=\"https:\/\/i0.wp.com\/19.zmuszynski.eu\/wp-content\/uploads\/2020\/09\/IMG_5599-scaled.jpg?resize=1024%2C768 1024w, https:\/\/i0.wp.com\/19.zmuszynski.eu\/wp-content\/uploads\/2020\/09\/IMG_5599-scaled.jpg?resize=300%2C225 300w, https:\/\/i0.wp.com\/19.zmuszynski.eu\/wp-content\/uploads\/2020\/09\/IMG_5599-scaled.jpg?resize=768%2C576 768w, https:\/\/i0.wp.com\/19.zmuszynski.eu\/wp-content\/uploads\/2020\/09\/IMG_5599-scaled.jpg?resize=1536%2C1152 1536w, https:\/\/i0.wp.com\/19.zmuszynski.eu\/wp-content\/uploads\/2020\/09\/IMG_5599-scaled.jpg?resize=2048%2C1536 2048w, https:\/\/i0.wp.com\/19.zmuszynski.eu\/wp-content\/uploads\/2020\/09\/IMG_5599-scaled.jpg?resize=467%2C350 467w, https:\/\/i0.wp.com\/19.zmuszynski.eu\/wp-content\/uploads\/2020\/09\/IMG_5599-scaled.jpg?w=1110 1110w, https:\/\/i0.wp.com\/19.zmuszynski.eu\/wp-content\/uploads\/2020\/09\/IMG_5599-scaled.jpg?w=1665 1665w\" sizes=\"auto, (max-width: 209px) 100vw, 209px\" \/><\/figure><\/div>\n\n\n\n<p>Wizualnie w rol\u0119 Zbyszka wcieli\u0142 si\u0119 Zacharjasz Muszy\u0144ski. Ze wzgl\u0119du na fakt, \u017ce aktor obdarzony jest g\u0142\u0119bokim bas-barytonem, kt\u00f3ry stanowczo nie pasuje do dziewi\u0119tnastolatka, g\u0142osu Zbyszkowi u\u017cyczy\u0142 jego cioteczno-stryjeczny prawnuk &#8211; Maciej Szymczak. <\/p>\n\n\n\n<p>Filmy wsp\u00f3\u0142czesne kr\u0119cono u\u017cywaj\u0105c iPhone 11pro, a montowano w programie DaVinci Resolve, czym zaj\u0119\u0142a si\u0119 Ma\u0142gorzata Karolina Piekarska. <\/p>\n\n\n\n<div class=\"wp-block-image\"><figure class=\"alignright size-large is-resized\"><a href=\"https:\/\/i0.wp.com\/19.zmuszynski.eu\/wp-content\/uploads\/2020\/08\/Zrzut-ekranu-2020-08-29-o-10.33.03.png?ssl=1\"><img data-recalc-dims=\"1\" loading=\"lazy\" decoding=\"async\" data-attachment-id=\"829\" data-permalink=\"http:\/\/19.zmuszynski.eu\/?attachment_id=829\" data-orig-file=\"https:\/\/i0.wp.com\/19.zmuszynski.eu\/wp-content\/uploads\/2020\/08\/Zrzut-ekranu-2020-08-29-o-10.33.03.png?fit=2538%2C1356\" data-orig-size=\"2538,1356\" data-comments-opened=\"0\" data-image-meta=\"{&quot;aperture&quot;:&quot;0&quot;,&quot;credit&quot;:&quot;&quot;,&quot;camera&quot;:&quot;&quot;,&quot;caption&quot;:&quot;&quot;,&quot;created_timestamp&quot;:&quot;0&quot;,&quot;copyright&quot;:&quot;&quot;,&quot;focal_length&quot;:&quot;0&quot;,&quot;iso&quot;:&quot;0&quot;,&quot;shutter_speed&quot;:&quot;0&quot;,&quot;title&quot;:&quot;&quot;,&quot;orientation&quot;:&quot;0&quot;}\" data-image-title=\"Zrzut ekranu 2020-08-29 o 10.33.03\" data-image-description=\"\" data-image-caption=\"\" data-medium-file=\"https:\/\/i0.wp.com\/19.zmuszynski.eu\/wp-content\/uploads\/2020\/08\/Zrzut-ekranu-2020-08-29-o-10.33.03.png?fit=300%2C160\" data-large-file=\"https:\/\/i0.wp.com\/19.zmuszynski.eu\/wp-content\/uploads\/2020\/08\/Zrzut-ekranu-2020-08-29-o-10.33.03.png?fit=555%2C296\" src=\"https:\/\/i0.wp.com\/19.zmuszynski.eu\/wp-content\/uploads\/2020\/08\/Zrzut-ekranu-2020-08-29-o-10.33.03.png?resize=333%2C177\" alt=\"\" class=\"wp-image-829\" width=\"333\" height=\"177\" srcset=\"https:\/\/i0.wp.com\/19.zmuszynski.eu\/wp-content\/uploads\/2020\/08\/Zrzut-ekranu-2020-08-29-o-10.33.03.png?resize=1024%2C547 1024w, https:\/\/i0.wp.com\/19.zmuszynski.eu\/wp-content\/uploads\/2020\/08\/Zrzut-ekranu-2020-08-29-o-10.33.03.png?resize=300%2C160 300w, https:\/\/i0.wp.com\/19.zmuszynski.eu\/wp-content\/uploads\/2020\/08\/Zrzut-ekranu-2020-08-29-o-10.33.03.png?resize=768%2C410 768w, https:\/\/i0.wp.com\/19.zmuszynski.eu\/wp-content\/uploads\/2020\/08\/Zrzut-ekranu-2020-08-29-o-10.33.03.png?resize=1536%2C821 1536w, https:\/\/i0.wp.com\/19.zmuszynski.eu\/wp-content\/uploads\/2020\/08\/Zrzut-ekranu-2020-08-29-o-10.33.03.png?resize=2048%2C1094 2048w, https:\/\/i0.wp.com\/19.zmuszynski.eu\/wp-content\/uploads\/2020\/08\/Zrzut-ekranu-2020-08-29-o-10.33.03.png?resize=655%2C350 655w, https:\/\/i0.wp.com\/19.zmuszynski.eu\/wp-content\/uploads\/2020\/08\/Zrzut-ekranu-2020-08-29-o-10.33.03.png?w=1110 1110w, https:\/\/i0.wp.com\/19.zmuszynski.eu\/wp-content\/uploads\/2020\/08\/Zrzut-ekranu-2020-08-29-o-10.33.03.png?w=1665 1665w\" sizes=\"auto, (max-width: 333px) 100vw, 333px\" \/><\/a><\/figure><\/div>\n\n\n\n<div class=\"wp-block-image\"><figure class=\"alignleft size-large\"><a href=\"https:\/\/fina.gov.pl\/\" target=\"_blank\" rel=\"noopener noreferrer\"><img data-recalc-dims=\"1\" loading=\"lazy\" decoding=\"async\" width=\"103\" height=\"75\" data-attachment-id=\"269\" data-permalink=\"http:\/\/19.zmuszynski.eu\/?attachment_id=269\" data-orig-file=\"https:\/\/i0.wp.com\/19.zmuszynski.eu\/wp-content\/uploads\/2020\/07\/image001.png?fit=103%2C75\" data-orig-size=\"103,75\" data-comments-opened=\"0\" data-image-meta=\"{&quot;aperture&quot;:&quot;0&quot;,&quot;credit&quot;:&quot;&quot;,&quot;camera&quot;:&quot;&quot;,&quot;caption&quot;:&quot;&quot;,&quot;created_timestamp&quot;:&quot;0&quot;,&quot;copyright&quot;:&quot;&quot;,&quot;focal_length&quot;:&quot;0&quot;,&quot;iso&quot;:&quot;0&quot;,&quot;shutter_speed&quot;:&quot;0&quot;,&quot;title&quot;:&quot;&quot;,&quot;orientation&quot;:&quot;0&quot;}\" data-image-title=\"image001\" data-image-description=\"\" data-image-caption=\"\" data-medium-file=\"https:\/\/i0.wp.com\/19.zmuszynski.eu\/wp-content\/uploads\/2020\/07\/image001.png?fit=103%2C75\" data-large-file=\"https:\/\/i0.wp.com\/19.zmuszynski.eu\/wp-content\/uploads\/2020\/07\/image001.png?fit=103%2C75\" src=\"https:\/\/i0.wp.com\/19.zmuszynski.eu\/wp-content\/uploads\/2020\/07\/image001.png?resize=103%2C75\" alt=\"\" class=\"wp-image-269\"\/><\/a><\/figure><\/div>\n\n\n\n<p>Fotografie bohatera i jego rodziny pochodz\u0105 z prywatnych zbior\u00f3w Ma\u0142gorzaty Karoliny Piekarskiej, podobnie jak dokumenty i niekt\u00f3re poczt\u00f3wki. Zdj\u0119cia ze Szko\u0142y Morskiej w Tczewie, a tak\u017ce niekt\u00f3re poczt\u00f3wki pochodz\u0105 ze zbior\u00f3w <a rel=\"noreferrer noopener\" href=\"https:\/\/polona.pl\/\" target=\"_blank\">Polona.pl<\/a>. W kilku filmach (listy: 44, 45, 48, 50, 51, 53, 54, 55 i 56) <strong>wykorzystano fragmenty filmu z 1926 roku pt. &#8222;Zew morza&#8221; w re\u017cyserii Henryka Szaro. <\/strong>To jedyny film, w jakim &#8222;zagra\u0142&#8221; statek szkolny &#8222;Lw\u00f3w&#8221;, na kt\u00f3rym p\u0142ywa\u0142 autor list\u00f3w. <strong>Materia\u0142 zosta\u0142 udost\u0119pniony dzi\u0119ki Filmotece Narodowej \u2013 Instytutowi Audiowizualnemu (FINA).&nbsp;<\/strong><\/p>\n\n\n\n<p><strong>&nbsp;Film \u201eZew morza\u201d w ca\u0142o\u015bci mo\u017cna obejrze\u0107 w serwisie Ninateka:&nbsp;<\/strong><\/p>\n\n\n\n<p><a href=\"https:\/\/ninateka.pl\/film\/zew-morza-henryk-szaro\">https:\/\/ninateka.pl\/film\/zew-morza-henryk-szaro<\/a><\/p>\n\n\n\n<p>Fina\u0142 projektu to koniec wrze\u015bnia 2020. Wtedy w sieci zamieszczone zostan\u0105 wszystkie filmy, fotografie etc., a tak\u017ce&#8230; kr\u00f3tki film typu &#8222;making off&#8221;.  <\/p>\n","protected":false},"excerpt":{"rendered":"<p>W 2005 roku nak\u0142adem wydawnictwa Finna ukaza\u0142a si\u0119 dokumentalna ksi\u0105\u017cka Ma\u0142gorzaty Karoliny Piekarskiej pt. &#8222;Dziewi\u0119tnastoletni marynarz&#8221; zawieraj\u0105ca przesz\u0142o 70 list\u00f3w do rodzic\u00f3w pisanych przez Zbigniewa Piekarskiego (1905-1924) ucznia Szko\u0142y Morskiej w Tczewie, a prywatnie stryjecznego dziadka autorki. Nak\u0142ad publikacji jest dawno wyczerpany. Nigdy nie by\u0142o sprzeda\u017cy w postaci e-booka. Tymczasem &hellip;<\/p>\n","protected":false},"author":1,"featured_media":24,"parent":0,"menu_order":0,"comment_status":"closed","ping_status":"closed","template":"","meta":{"footnotes":""},"class_list":["post-8","page","type-page","status-publish","has-post-thumbnail","hentry"],"jetpack_sharing_enabled":true,"jetpack_likes_enabled":true,"_links":{"self":[{"href":"http:\/\/19.zmuszynski.eu\/index.php?rest_route=\/wp\/v2\/pages\/8","targetHints":{"allow":["GET"]}}],"collection":[{"href":"http:\/\/19.zmuszynski.eu\/index.php?rest_route=\/wp\/v2\/pages"}],"about":[{"href":"http:\/\/19.zmuszynski.eu\/index.php?rest_route=\/wp\/v2\/types\/page"}],"author":[{"embeddable":true,"href":"http:\/\/19.zmuszynski.eu\/index.php?rest_route=\/wp\/v2\/users\/1"}],"replies":[{"embeddable":true,"href":"http:\/\/19.zmuszynski.eu\/index.php?rest_route=%2Fwp%2Fv2%2Fcomments&post=8"}],"version-history":[{"count":29,"href":"http:\/\/19.zmuszynski.eu\/index.php?rest_route=\/wp\/v2\/pages\/8\/revisions"}],"predecessor-version":[{"id":953,"href":"http:\/\/19.zmuszynski.eu\/index.php?rest_route=\/wp\/v2\/pages\/8\/revisions\/953"}],"wp:featuredmedia":[{"embeddable":true,"href":"http:\/\/19.zmuszynski.eu\/index.php?rest_route=\/wp\/v2\/media\/24"}],"wp:attachment":[{"href":"http:\/\/19.zmuszynski.eu\/index.php?rest_route=%2Fwp%2Fv2%2Fmedia&parent=8"}],"curies":[{"name":"wp","href":"https:\/\/api.w.org\/{rel}","templated":true}]}}