{"id":668,"date":"2020-08-24T03:45:29","date_gmt":"2020-08-24T01:45:29","guid":{"rendered":"http:\/\/19.zmuszynski.eu\/?page_id=668"},"modified":"2020-09-08T15:24:01","modified_gmt":"2020-09-08T13:24:01","slug":"podziekowania","status":"publish","type":"page","link":"http:\/\/19.zmuszynski.eu\/?page_id=668","title":{"rendered":"Podzi\u0119kowania"},"content":{"rendered":"\n<p>Tw\u00f3rcy projektu dzi\u0119kuj\u0105:<\/p>\n\n\n\n<ul class=\"wp-block-list\"><li>Filmotece Narodowej \u2013 Instytutowi Audiowizualnemu (FINA) za udost\u0119pnienie i zgod\u0119 na wykorzystanie w projekcie fragment\u00f3w filmu &#8222;Zew morza&#8221; w re\u017cyserii Henryka Szaro, kt\u00f3ry w ca\u0142o\u015bci mo\u017cna obejrze\u0107 na stronie serwisu <a href=\"https:\/\/ninateka.pl\/film\/zew-morza-henryk-szaro\">Ninateka.pl.<\/a><\/li><li>Serwisowi <a rel=\"noreferrer noopener\" href=\"https:\/\/polona.pl\/\" target=\"_blank\">Polona.pl<\/a> za wspania\u0142e zbiory, z kt\u00f3rych mo\u017cna bezp\u0142atnie korzysta\u0107 wzbogacaj\u0105c takie przedsi\u0119wzi\u0119cia jak to. <\/li><li>Dyrekcji <a rel=\"noreferrer noopener\" href=\"http:\/\/www.sklodowska.szkola.tczew.pl\/\" target=\"_blank\">I Liceum Og\u00f3lnokszta\u0142c\u0105cego im. Marii Sk\u0142odowskiej-Curie w Tczewie<\/a> za pomoc w realizacji zdj\u0119\u0107. <\/li><li><a rel=\"noreferrer noopener\" href=\"http:\/\/borun-jagodzinska.blogspot.com\/\" target=\"_blank\">Katarzynie Boru\u0144-Jagodzi\u0144skiej<\/a> za pomoc w realizacji zdj\u0119\u0107. <\/li><li>Paw\u0142owi Dunin-W\u0105sowiczowi za podes\u0142anie fragment\u00f3w ksi\u0105\u017cki Eugeniusza Wasilewskiego &#8222;W kilwaterze wspomnie\u0144&#8221;. <\/li><li><a rel=\"noreferrer noopener\" href=\"http:\/\/www.arturgotz.pl\/\" target=\"_blank\">Arturowi Gotzowi<\/a> za ogromne wsparcie duchowe. <\/li><li>Magdalenie Grochowskiej za pomoc w znalezieniu odpowiedniej czcionki do filmu &#8222;STRACH&#8221;. <\/li><li>Paw\u0142owi Horychowi za pomoc w realizacji zdj\u0119\u0107 na Jeziorze Zegrzy\u0144skim.<\/li><li><a rel=\"noreferrer noopener\" href=\"http:\/\/jaceknarozniak.pl\/\" target=\"_blank\">Jackowi Naro\u017cniakowi<\/a> za pomoc przy stronie projektu.<\/li><li>Mi\u0142ce Skalskiej i Maji Nowak za pomoc przy realizacji filmu fabularnego &#8222;STRACH&#8221;.<\/li><li><a rel=\"noreferrer noopener\" href=\"https:\/\/krzysztofskiba.pl\/\" data-type=\"URL\" data-id=\"https:\/\/krzysztofskiba.pl\/\" target=\"_blank\">Krzysztofowi Skibie<\/a> z Big Cyc za kontakt do tr\u00f3jmiejskich medi\u00f3w. <\/li><li>Wojciechowi Urmanowskiemu ze <a rel=\"noreferrer noopener\" href=\"http:\/\/skansen.powiatwolominski.pl\/\" target=\"_blank\">Skansenu w Kuligowie<\/a> nad Bugiem za pomoc w realizacji zdj\u0119\u0107.<\/li><li>Agacie Wasilewskiej za po\u015bwi\u0119cony czas.<\/li><li>Joannie Morek, Marcie Wawryszewicz, Oldze Zasadzie i Rados\u0142awowi S\u0119powi za rekwizyty. <\/li><\/ul>\n","protected":false},"excerpt":{"rendered":"<p>Tw\u00f3rcy projektu dzi\u0119kuj\u0105: Filmotece Narodowej \u2013 Instytutowi Audiowizualnemu (FINA) za udost\u0119pnienie i zgod\u0119 na wykorzystanie w projekcie fragment\u00f3w filmu &#8222;Zew morza&#8221; w re\u017cyserii Henryka Szaro, kt\u00f3ry w ca\u0142o\u015bci mo\u017cna obejrze\u0107 na stronie serwisu Ninateka.pl. Serwisowi Polona.pl za wspania\u0142e zbiory, z kt\u00f3rych mo\u017cna bezp\u0142atnie korzysta\u0107 wzbogacaj\u0105c takie przedsi\u0119wzi\u0119cia jak to. Dyrekcji &hellip;<\/p>\n","protected":false},"author":2,"featured_media":0,"parent":0,"menu_order":0,"comment_status":"closed","ping_status":"closed","template":"","meta":{"footnotes":""},"class_list":["post-668","page","type-page","status-publish","hentry"],"jetpack_sharing_enabled":true,"jetpack_likes_enabled":true,"_links":{"self":[{"href":"http:\/\/19.zmuszynski.eu\/index.php?rest_route=\/wp\/v2\/pages\/668","targetHints":{"allow":["GET"]}}],"collection":[{"href":"http:\/\/19.zmuszynski.eu\/index.php?rest_route=\/wp\/v2\/pages"}],"about":[{"href":"http:\/\/19.zmuszynski.eu\/index.php?rest_route=\/wp\/v2\/types\/page"}],"author":[{"embeddable":true,"href":"http:\/\/19.zmuszynski.eu\/index.php?rest_route=\/wp\/v2\/users\/2"}],"replies":[{"embeddable":true,"href":"http:\/\/19.zmuszynski.eu\/index.php?rest_route=%2Fwp%2Fv2%2Fcomments&post=668"}],"version-history":[{"count":19,"href":"http:\/\/19.zmuszynski.eu\/index.php?rest_route=\/wp\/v2\/pages\/668\/revisions"}],"predecessor-version":[{"id":981,"href":"http:\/\/19.zmuszynski.eu\/index.php?rest_route=\/wp\/v2\/pages\/668\/revisions\/981"}],"wp:attachment":[{"href":"http:\/\/19.zmuszynski.eu\/index.php?rest_route=%2Fwp%2Fv2%2Fmedia&parent=668"}],"curies":[{"name":"wp","href":"https:\/\/api.w.org\/{rel}","templated":true}]}}